{"id":4149,"date":"2025-11-11T19:01:30","date_gmt":"2025-11-11T19:01:30","guid":{"rendered":"https:\/\/sgt.inf.br\/?page_id=4149"},"modified":"2025-11-13T16:28:01","modified_gmt":"2025-11-13T16:28:01","slug":"empresa","status":"publish","type":"page","link":"https:\/\/sulpox.com.br\/?page_id=4149","title":{"rendered":"Empresa"},"content":{"rendered":"\t\t<div data-elementor-type=\"wp-page\" data-elementor-id=\"4149\" class=\"elementor elementor-4149\">\n\t\t\t\t<div class=\"elementor-element elementor-element-ef13a52 e-flex e-con-boxed e-con e-parent\" data-id=\"ef13a52\" data-element_type=\"container\">\n\t\t\t\t\t<div class=\"e-con-inner\">\n\t\t\t\t<div class=\"elementor-element elementor-element-1ce10e6f elementor-widget elementor-widget-text-editor\" data-id=\"1ce10e6f\" data-element_type=\"widget\" data-widget_type=\"text-editor.default\">\n\t\t\t\t\t\t\t\t\t<h3 data-start=\"194\" data-end=\"239\"><strong data-start=\"198\" data-end=\"239\"> SUL POX Pintura Eletrost\u00e1tica<\/strong><\/h3><p data-start=\"241\" data-end=\"638\">A <strong data-start=\"243\" data-end=\"276\">SUL POX Pintura Eletrost\u00e1tica<\/strong> \u00e9 uma empresa especializada em <strong data-start=\"308\" data-end=\"338\">pintura eletrost\u00e1tica a p\u00f3<\/strong>, oferecendo acabamento de alta qualidade, durabilidade e resist\u00eancia para superf\u00edcies met\u00e1licas.<br data-start=\"435\" data-end=\"438\" \/>Com estrutura moderna e equipe experiente, trabalhamos com tecnologia de ponta para garantir <strong data-start=\"531\" data-end=\"561\">excel\u00eancia em cada detalhe<\/strong>, atendendo \u00e0s exig\u00eancias de clientes industriais, comerciais e residenciais.<\/p><p data-start=\"640\" data-end=\"954\">Nosso compromisso \u00e9 unir <strong data-start=\"665\" data-end=\"707\">qualidade, agilidade e bom atendimento<\/strong>, entregando resultados superiores e solu\u00e7\u00f5es sob medida para cada projeto.<br data-start=\"782\" data-end=\"785\" \/>Na <strong data-start=\"788\" data-end=\"799\">SUL POX<\/strong>, cada pintura \u00e9 realizada com cuidado t\u00e9cnico e rigor no processo, assegurando um acabamento perfeito e uma prote\u00e7\u00e3o duradoura contra corros\u00e3o e desgaste.<\/p><p data-start=\"956\" data-end=\"1193\">Atendemos empresas e ind\u00fastrias de diversos segmentos, sempre com foco em <strong data-start=\"1030\" data-end=\"1075\">parcerias de confian\u00e7a e satisfa\u00e7\u00e3o total<\/strong>.<br data-start=\"1076\" data-end=\"1079\" \/>Se voc\u00ea busca <strong data-start=\"1093\" data-end=\"1145\">acabamento profissional e durabilidade garantida<\/strong>, conte com a <strong data-start=\"1159\" data-end=\"1192\">SUL POX Pintura Eletrost\u00e1tica<\/strong>.<\/p>\t\t\t\t\t\t\t\t<\/div>\n\t\t\t\t\t<\/div>\n\t\t\t\t<\/div>\n\t\t\t\t<\/div>\n\t\t","protected":false},"excerpt":{"rendered":"<p>SUL POX Pintura Eletrost\u00e1tica A SUL POX Pintura Eletrost\u00e1tica \u00e9 uma empresa especializada em pintura eletrost\u00e1tica a p\u00f3, oferecendo acabamento de alta qualidade, durabilidade e resist\u00eancia para superf\u00edcies met\u00e1licas.Com estrutura moderna e equipe experiente, trabalhamos com tecnologia de ponta para garantir excel\u00eancia em cada detalhe, atendendo \u00e0s exig\u00eancias de clientes industriais, comerciais e residenciais. Nosso [&hellip;]<\/p>\n","protected":false},"author":1,"featured_media":0,"parent":0,"menu_order":0,"comment_status":"closed","ping_status":"closed","template":"","meta":{"inline_featured_image":false,"_joinchat":[],"footnotes":""},"class_list":["post-4149","page","type-page","status-publish","hentry"],"_links":{"self":[{"href":"https:\/\/sulpox.com.br\/index.php?rest_route=\/wp\/v2\/pages\/4149","targetHints":{"allow":["GET"]}}],"collection":[{"href":"https:\/\/sulpox.com.br\/index.php?rest_route=\/wp\/v2\/pages"}],"about":[{"href":"https:\/\/sulpox.com.br\/index.php?rest_route=\/wp\/v2\/types\/page"}],"author":[{"embeddable":true,"href":"https:\/\/sulpox.com.br\/index.php?rest_route=\/wp\/v2\/users\/1"}],"replies":[{"embeddable":true,"href":"https:\/\/sulpox.com.br\/index.php?rest_route=%2Fwp%2Fv2%2Fcomments&post=4149"}],"version-history":[{"count":4,"href":"https:\/\/sulpox.com.br\/index.php?rest_route=\/wp\/v2\/pages\/4149\/revisions"}],"predecessor-version":[{"id":4236,"href":"https:\/\/sulpox.com.br\/index.php?rest_route=\/wp\/v2\/pages\/4149\/revisions\/4236"}],"wp:attachment":[{"href":"https:\/\/sulpox.com.br\/index.php?rest_route=%2Fwp%2Fv2%2Fmedia&parent=4149"}],"curies":[{"name":"wp","href":"https:\/\/api.w.org\/{rel}","templated":true}]}}